{"id":117,"date":"2017-06-02T01:06:31","date_gmt":"2017-06-02T01:06:31","guid":{"rendered":"http:\/\/hidrobey.com\/?page_id=117"},"modified":"2017-12-22T19:42:53","modified_gmt":"2017-12-22T19:42:53","slug":"yuklifti","status":"publish","type":"page","link":"http:\/\/hidrobey.com\/index.php\/urunlerimiz\/yuklifti\/","title":{"rendered":"y\u00fck Lifti"},"content":{"rendered":"<p>Marketler i\u00e7in kullan\u0131lan ve kompakt olarak \u00fcretilen klasik liftlerdir.<\/p>\n<p>Zincirli ve halatl\u0131 tiplerde \u00fcretimi yap\u0131labilir.<\/p>\n<p>Seri kullan\u0131mlar i\u00e7in ideald\u0131r.<\/p>\n<p>Asans\u00f6r ray\u0131 ile yap\u0131labildi\u011fi gibi, Npu i\u00e7erisinde tekerler ilede y\u00fcr\u00fct\u00fclebilir.<\/p>\n<p>Hidrolik tank\u0131 ,pompas\u0131 ve silindirler uyumludur.<\/p>\n<p>Sessiz \u00fcnite gerekti\u011fi yerlerde uygulanabilir.<\/p>\n<p>www.hidrobey.com<\/p>\n","protected":false},"excerpt":{"rendered":"<p>Marketler i\u00e7in kullan\u0131lan ve kompakt olarak \u00fcretilen klasik liftlerdir. Zincirli ve halatl\u0131 tiplerde \u00fcretimi yap\u0131labilir. Seri kullan\u0131mlar i\u00e7in ideald\u0131r. Asans\u00f6r ray\u0131 ile yap\u0131labildi\u011fi gibi, Npu i\u00e7erisinde tekerler ilede y\u00fcr\u00fct\u00fclebilir. Hidrolik tank\u0131 ,pompas\u0131 ve silindirler uyumludur. Sessiz \u00fcnite gerekti\u011fi yerlerde uygulanabilir.&hellip;&nbsp;<a href=\"http:\/\/hidrobey.com\/index.php\/urunlerimiz\/yuklifti\/\" class=\"more-link\">Devam\u0131<\/a><\/p>\n","protected":false},"author":1,"featured_media":0,"parent":527,"menu_order":4,"comment_status":"closed","ping_status":"closed","template":"","meta":[],"_links":{"self":[{"href":"http:\/\/hidrobey.com\/index.php\/wp-json\/wp\/v2\/pages\/117"}],"collection":[{"href":"http:\/\/hidrobey.com\/index.php\/wp-json\/wp\/v2\/pages"}],"about":[{"href":"http:\/\/hidrobey.com\/index.php\/wp-json\/wp\/v2\/types\/page"}],"author":[{"embeddable":true,"href":"http:\/\/hidrobey.com\/index.php\/wp-json\/wp\/v2\/users\/1"}],"replies":[{"embeddable":true,"href":"http:\/\/hidrobey.com\/index.php\/wp-json\/wp\/v2\/comments?post=117"}],"version-history":[{"count":4,"href":"http:\/\/hidrobey.com\/index.php\/wp-json\/wp\/v2\/pages\/117\/revisions"}],"predecessor-version":[{"id":536,"href":"http:\/\/hidrobey.com\/index.php\/wp-json\/wp\/v2\/pages\/117\/revisions\/536"}],"up":[{"embeddable":true,"href":"http:\/\/hidrobey.com\/index.php\/wp-json\/wp\/v2\/pages\/527"}],"wp:attachment":[{"href":"http:\/\/hidrobey.com\/index.php\/wp-json\/wp\/v2\/media?parent=117"}],"curies":[{"name":"wp","href":"https:\/\/api.w.org\/{rel}","templated":true}]}}