{"id":181,"date":"2017-06-04T04:37:05","date_gmt":"2017-06-04T04:37:05","guid":{"rendered":"http:\/\/hidrobey.com\/?page_id=181"},"modified":"2018-01-10T21:03:45","modified_gmt":"2018-01-10T21:03:45","slug":"insan-asansoru","status":"publish","type":"page","link":"http:\/\/hidrobey.com\/index.php\/asansor\/insan-asansoru\/","title":{"rendered":"\u0130nsan Asans\u00f6r\u00fc"},"content":{"rendered":"<p>Esas olarak insan ta\u015f\u0131nmas\u0131n\u0131 ama\u00e7layan konfor ve kullan\u0131m rahatl\u0131\u011f\u0131 \u00f6n planda tutulmu\u015f asans\u00f6rlerdir&#8230;<\/p>\n","protected":false},"excerpt":{"rendered":"<p>Esas olarak insan ta\u015f\u0131nmas\u0131n\u0131 ama\u00e7layan konfor ve kullan\u0131m rahatl\u0131\u011f\u0131 \u00f6n planda tutulmu\u015f asans\u00f6rlerdir&#8230;<\/p>\n","protected":false},"author":1,"featured_media":0,"parent":179,"menu_order":1,"comment_status":"closed","ping_status":"closed","template":"","meta":[],"_links":{"self":[{"href":"http:\/\/hidrobey.com\/index.php\/wp-json\/wp\/v2\/pages\/181"}],"collection":[{"href":"http:\/\/hidrobey.com\/index.php\/wp-json\/wp\/v2\/pages"}],"about":[{"href":"http:\/\/hidrobey.com\/index.php\/wp-json\/wp\/v2\/types\/page"}],"author":[{"embeddable":true,"href":"http:\/\/hidrobey.com\/index.php\/wp-json\/wp\/v2\/users\/1"}],"replies":[{"embeddable":true,"href":"http:\/\/hidrobey.com\/index.php\/wp-json\/wp\/v2\/comments?post=181"}],"version-history":[{"count":2,"href":"http:\/\/hidrobey.com\/index.php\/wp-json\/wp\/v2\/pages\/181\/revisions"}],"predecessor-version":[{"id":665,"href":"http:\/\/hidrobey.com\/index.php\/wp-json\/wp\/v2\/pages\/181\/revisions\/665"}],"up":[{"embeddable":true,"href":"http:\/\/hidrobey.com\/index.php\/wp-json\/wp\/v2\/pages\/179"}],"wp:attachment":[{"href":"http:\/\/hidrobey.com\/index.php\/wp-json\/wp\/v2\/media?parent=181"}],"curies":[{"name":"wp","href":"https:\/\/api.w.org\/{rel}","templated":true}]}}