{"id":185,"date":"2017-06-04T04:37:49","date_gmt":"2017-06-04T04:37:49","guid":{"rendered":"http:\/\/hidrobey.com\/?page_id=185"},"modified":"2018-03-29T06:32:03","modified_gmt":"2018-03-29T06:32:03","slug":"arac-asansoru","status":"publish","type":"page","link":"http:\/\/hidrobey.com\/index.php\/urunlerimiz\/arac-asansoru\/","title":{"rendered":"Ara\u00e7 Asans\u00f6r\u00fc"},"content":{"rendered":"<p>Ara\u00e7 asans\u00f6r\u00fc<\/p>\n<p><strong>Ara\u00e7 Asans\u00f6r\u00fc<\/strong> hidrolik kald\u0131rma mekanizmas\u0131d\u0131r.<\/p>\n<p>Dar alanlarda kullan\u0131c\u0131 dostu i\u015f y\u00fck\u00fcn\u00fcz\u00fc al\u0131r ve size zaman kazand\u0131r\u0131r.<\/p>\n<p>\u0130stenilen kapasite ve seyir mesafesinde \u00fcretimi yap\u0131labilir.<\/p>\n<p>Kullan\u0131lan malzemeler galvaniz dald\u0131rma yap\u0131labildi\u011fi gibi, esb boyal\u0131da yap\u0131labilir.<\/p>\n<p>Platform seyir mesafesi :2800 mm<\/p>\n<p>Platform istasyon adedi : 2<\/p>\n<p>Palanga : 1\/2<\/p>\n<p>Klavuzlama Sistemi : <strong>Savera 90 &#8216;l\u0131k ray olacakt\u0131r.<\/strong><\/p>\n<p>Platform Ebat\u0131 : 2400 x 5000 mm\u00a0 <strong>\/Taban Aluminyum 3\/4 Sac<\/strong><\/p>\n<p>Kuyu Dibi : ~150 mm<\/p>\n<p>Platform h\u0131z\u0131 : 0,15 m\/sn<\/p>\n<p>\u00c7al\u0131\u015fma Bas\u0131nc\u0131 : 120 bar \/ <strong>G\u00f6sterge Pakkens<\/strong><\/p>\n<p>Pompa \u00a0\u00a0\u00a0\u00a0\u00a0\u00a0\u00a0\u00a0\u00a0\u00a0\u00a0\u00a0\u00a0\u00a0\u00a0\u00a0\u00a0\u00a0\u00a0\u00a0\u00a0\u00a0\u00a0 :30 l\/dk \/ <strong>Parker<\/strong><\/p>\n<p>Motor G\u00fcc\u00fc : 7,5 kW \/ <strong>Gamak<\/strong><\/p>\n<p>Valve : Platform valfi<strong> \/ Parker veya muadili.<\/strong><\/p>\n<p>Hidrolik Silindir :Yuksek bas\u0131nca dayan\u0131kl\u0131,H8 honlanm\u0131\u015f,St 52-3 , Avrupa Men\u015feli Malzeme<\/p>\n<p>Hidrolik Silindir Ke\u00e7eleri Kasta\u015f marka kullan\u0131lacakt\u0131r.<\/p>\n<p>Hidrolik borular DIN 2391\/C standartlar\u0131na uygun olacakt\u0131r<\/p>\n<p>Hidrolik hortumlar SAE J 517 C-100R standartlar\u0131na uygun \u00e7ift telli R2 SEL marka olacakt\u0131r.<\/p>\n<p>Hidrolik ya\u011f tank\u0131 \u00fczerinde seviye g\u00f6stergesi, s\u0131cakl\u0131k g\u00f6stergesi, havaland\u0131rma kapa\u011f\u0131, ve s\u00fczge\u00e7li ya\u011f doldurma kapa\u011f\u0131 olacakt\u0131r.<\/p>\n<p>Platform Malzemeleri St37\/st 52sertifikal\u0131 malzeme olacakt\u0131r.<\/p>\n<p>Platform Pernolar\u0131 C 4140 malzemeden olacakt\u0131r.<\/p>\n<p><a href=\"http:\/\/hidrobey.com\/wp-content\/uploads\/2018\/01\/l1.jpg\"><img decoding=\"async\" loading=\"lazy\" class=\"alignnone wp-image-641\" src=\"http:\/\/hidrobey.com\/wp-content\/uploads\/2018\/01\/l1.jpg\" alt=\"\" width=\"365\" height=\"261\" srcset=\"http:\/\/hidrobey.com\/wp-content\/uploads\/2018\/01\/l1.jpg 651w, http:\/\/hidrobey.com\/wp-content\/uploads\/2018\/01\/l1-300x214.jpg 300w, http:\/\/hidrobey.com\/wp-content\/uploads\/2018\/01\/l1-360x257.jpg 360w\" sizes=\"(max-width: 365px) 100vw, 365px\" \/><\/a> <a href=\"http:\/\/hidrobey.com\/wp-content\/uploads\/2018\/01\/l2.jpg\"><img decoding=\"async\" loading=\"lazy\" class=\"alignnone wp-image-642\" src=\"http:\/\/hidrobey.com\/wp-content\/uploads\/2018\/01\/l2.jpg\" alt=\"\" width=\"148\" height=\"244\" srcset=\"http:\/\/hidrobey.com\/wp-content\/uploads\/2018\/01\/l2.jpg 235w, http:\/\/hidrobey.com\/wp-content\/uploads\/2018\/01\/l2-182x300.jpg 182w, http:\/\/hidrobey.com\/wp-content\/uploads\/2018\/01\/l2-164x270.jpg 164w\" sizes=\"(max-width: 148px) 100vw, 148px\" \/><\/a> <a href=\"http:\/\/hidrobey.com\/wp-content\/uploads\/2018\/01\/l3.jpg\"><img decoding=\"async\" loading=\"lazy\" class=\"alignnone wp-image-643\" src=\"http:\/\/hidrobey.com\/wp-content\/uploads\/2018\/01\/l3.jpg\" alt=\"\" width=\"215\" height=\"225\" srcset=\"http:\/\/hidrobey.com\/wp-content\/uploads\/2018\/01\/l3.jpg 349w, http:\/\/hidrobey.com\/wp-content\/uploads\/2018\/01\/l3-287x300.jpg 287w, http:\/\/hidrobey.com\/wp-content\/uploads\/2018\/01\/l3-258x270.jpg 258w\" sizes=\"(max-width: 215px) 100vw, 215px\" \/><\/a> <a href=\"http:\/\/hidrobey.com\/wp-content\/uploads\/2018\/01\/l4.jpg\"><img decoding=\"async\" loading=\"lazy\" class=\"alignnone wp-image-644\" src=\"http:\/\/hidrobey.com\/wp-content\/uploads\/2018\/01\/l4.jpg\" alt=\"\" width=\"144\" height=\"265\" srcset=\"http:\/\/hidrobey.com\/wp-content\/uploads\/2018\/01\/l4.jpg 223w, http:\/\/hidrobey.com\/wp-content\/uploads\/2018\/01\/l4-163x300.jpg 163w, http:\/\/hidrobey.com\/wp-content\/uploads\/2018\/01\/l4-146x270.jpg 146w\" sizes=\"(max-width: 144px) 100vw, 144px\" \/><\/a> <a href=\"http:\/\/hidrobey.com\/wp-content\/uploads\/2018\/01\/l5.jpg\"><img decoding=\"async\" loading=\"lazy\" class=\"alignnone wp-image-645\" src=\"http:\/\/hidrobey.com\/wp-content\/uploads\/2018\/01\/l5.jpg\" alt=\"\" width=\"258\" height=\"281\" srcset=\"http:\/\/hidrobey.com\/wp-content\/uploads\/2018\/01\/l5.jpg 423w, http:\/\/hidrobey.com\/wp-content\/uploads\/2018\/01\/l5-276x300.jpg 276w, http:\/\/hidrobey.com\/wp-content\/uploads\/2018\/01\/l5-248x270.jpg 248w\" sizes=\"(max-width: 258px) 100vw, 258px\" \/><\/a><a href=\"http:\/\/hidrobey.com\/wp-content\/uploads\/2018\/01\/l11.jpg\"><img decoding=\"async\" loading=\"lazy\" class=\"alignnone wp-image-652\" src=\"http:\/\/hidrobey.com\/wp-content\/uploads\/2018\/01\/l11.jpg\" alt=\"\" width=\"68\" height=\"137\" srcset=\"http:\/\/hidrobey.com\/wp-content\/uploads\/2018\/01\/l11.jpg 267w, http:\/\/hidrobey.com\/wp-content\/uploads\/2018\/01\/l11-148x300.jpg 148w, http:\/\/hidrobey.com\/wp-content\/uploads\/2018\/01\/l11-133x270.jpg 133w\" sizes=\"(max-width: 68px) 100vw, 68px\" \/><\/a><a href=\"http:\/\/hidrobey.com\/wp-content\/uploads\/2018\/01\/l7.jpg\"><img decoding=\"async\" loading=\"lazy\" class=\"alignnone wp-image-648\" src=\"http:\/\/hidrobey.com\/wp-content\/uploads\/2018\/01\/l7.jpg\" alt=\"\" width=\"124\" height=\"185\" srcset=\"http:\/\/hidrobey.com\/wp-content\/uploads\/2018\/01\/l7.jpg 397w, http:\/\/hidrobey.com\/wp-content\/uploads\/2018\/01\/l7-201x300.jpg 201w, http:\/\/hidrobey.com\/wp-content\/uploads\/2018\/01\/l7-181x270.jpg 181w\" sizes=\"(max-width: 124px) 100vw, 124px\" \/><\/a><a href=\"http:\/\/hidrobey.com\/wp-content\/uploads\/2018\/01\/l8.jpg\"><img decoding=\"async\" loading=\"lazy\" class=\"alignnone wp-image-649\" src=\"http:\/\/hidrobey.com\/wp-content\/uploads\/2018\/01\/l8.jpg\" alt=\"\" width=\"190\" height=\"253\" srcset=\"http:\/\/hidrobey.com\/wp-content\/uploads\/2018\/01\/l8.jpg 452w, http:\/\/hidrobey.com\/wp-content\/uploads\/2018\/01\/l8-225x300.jpg 225w, http:\/\/hidrobey.com\/wp-content\/uploads\/2018\/01\/l8-202x270.jpg 202w\" sizes=\"(max-width: 190px) 100vw, 190px\" \/><\/a><\/p>\n<p>&nbsp;<\/p>\n<p>&nbsp;<\/p>\n<p>&nbsp;<\/p>\n<p><iframe loading=\"lazy\" src=\"https:\/\/www.youtube.com\/embed\/k5Xs5MgDK6w?rel=0&amp;controls=0\" width=\"560\" height=\"315\" frameborder=\"0\" allowfullscreen=\"allowfullscreen\"><\/iframe><\/p>\n<p><iframe loading=\"lazy\" src=\"https:\/\/www.youtube.com\/embed\/r9GKP8P6Gks?rel=0&amp;controls=0\" width=\"560\" height=\"315\" frameborder=\"0\" allowfullscreen=\"allowfullscreen\"><\/iframe><\/p>\n<p><iframe loading=\"lazy\" src=\"https:\/\/www.youtube.com\/embed\/nBHalHehDqk?rel=0&amp;controls=0\" width=\"560\" height=\"315\" frameborder=\"0\" allowfullscreen=\"allowfullscreen\"><\/iframe><\/p>\n","protected":false},"excerpt":{"rendered":"<p>Ara\u00e7 asans\u00f6r\u00fc Ara\u00e7 Asans\u00f6r\u00fc hidrolik kald\u0131rma mekanizmas\u0131d\u0131r. Dar alanlarda kullan\u0131c\u0131 dostu i\u015f y\u00fck\u00fcn\u00fcz\u00fc al\u0131r ve size zaman kazand\u0131r\u0131r. \u0130stenilen kapasite ve seyir mesafesinde \u00fcretimi yap\u0131labilir. Kullan\u0131lan malzemeler galvaniz dald\u0131rma yap\u0131labildi\u011fi gibi, esb boyal\u0131da yap\u0131labilir. Platform seyir mesafesi :2800 mm Platform&hellip;&nbsp;<a href=\"http:\/\/hidrobey.com\/index.php\/urunlerimiz\/arac-asansoru\/\" class=\"more-link\">Devam\u0131<\/a><\/p>\n","protected":false},"author":1,"featured_media":588,"parent":527,"menu_order":2,"comment_status":"closed","ping_status":"closed","template":"","meta":[],"_links":{"self":[{"href":"http:\/\/hidrobey.com\/index.php\/wp-json\/wp\/v2\/pages\/185"}],"collection":[{"href":"http:\/\/hidrobey.com\/index.php\/wp-json\/wp\/v2\/pages"}],"about":[{"href":"http:\/\/hidrobey.com\/index.php\/wp-json\/wp\/v2\/types\/page"}],"author":[{"embeddable":true,"href":"http:\/\/hidrobey.com\/index.php\/wp-json\/wp\/v2\/users\/1"}],"replies":[{"embeddable":true,"href":"http:\/\/hidrobey.com\/index.php\/wp-json\/wp\/v2\/comments?post=185"}],"version-history":[{"count":11,"href":"http:\/\/hidrobey.com\/index.php\/wp-json\/wp\/v2\/pages\/185\/revisions"}],"predecessor-version":[{"id":702,"href":"http:\/\/hidrobey.com\/index.php\/wp-json\/wp\/v2\/pages\/185\/revisions\/702"}],"up":[{"embeddable":true,"href":"http:\/\/hidrobey.com\/index.php\/wp-json\/wp\/v2\/pages\/527"}],"wp:featuredmedia":[{"embeddable":true,"href":"http:\/\/hidrobey.com\/index.php\/wp-json\/wp\/v2\/media\/588"}],"wp:attachment":[{"href":"http:\/\/hidrobey.com\/index.php\/wp-json\/wp\/v2\/media?parent=185"}],"curies":[{"name":"wp","href":"https:\/\/api.w.org\/{rel}","templated":true}]}}