{"id":189,"date":"2017-06-04T04:38:31","date_gmt":"2017-06-04T04:38:31","guid":{"rendered":"http:\/\/hidrobey.com\/?page_id=189"},"modified":"2017-06-04T04:38:31","modified_gmt":"2017-06-04T04:38:31","slug":"sedye-asansoru","status":"publish","type":"page","link":"http:\/\/hidrobey.com\/index.php\/asansor\/sedye-asansoru\/","title":{"rendered":"Sedye Asans\u00f6r\u00fc"},"content":{"rendered":"<p>Sedye Asans\u00f6r\u00fc<\/p>\n","protected":false},"excerpt":{"rendered":"<p>Sedye Asans\u00f6r\u00fc<\/p>\n","protected":false},"author":1,"featured_media":0,"parent":179,"menu_order":0,"comment_status":"closed","ping_status":"closed","template":"","meta":[],"_links":{"self":[{"href":"http:\/\/hidrobey.com\/index.php\/wp-json\/wp\/v2\/pages\/189"}],"collection":[{"href":"http:\/\/hidrobey.com\/index.php\/wp-json\/wp\/v2\/pages"}],"about":[{"href":"http:\/\/hidrobey.com\/index.php\/wp-json\/wp\/v2\/types\/page"}],"author":[{"embeddable":true,"href":"http:\/\/hidrobey.com\/index.php\/wp-json\/wp\/v2\/users\/1"}],"replies":[{"embeddable":true,"href":"http:\/\/hidrobey.com\/index.php\/wp-json\/wp\/v2\/comments?post=189"}],"version-history":[{"count":1,"href":"http:\/\/hidrobey.com\/index.php\/wp-json\/wp\/v2\/pages\/189\/revisions"}],"predecessor-version":[{"id":190,"href":"http:\/\/hidrobey.com\/index.php\/wp-json\/wp\/v2\/pages\/189\/revisions\/190"}],"up":[{"embeddable":true,"href":"http:\/\/hidrobey.com\/index.php\/wp-json\/wp\/v2\/pages\/179"}],"wp:attachment":[{"href":"http:\/\/hidrobey.com\/index.php\/wp-json\/wp\/v2\/media?parent=189"}],"curies":[{"name":"wp","href":"https:\/\/api.w.org\/{rel}","templated":true}]}}