{"id":202,"date":"2017-06-06T01:57:03","date_gmt":"2017-06-06T01:57:03","guid":{"rendered":"http:\/\/hidrobey.com\/?page_id=202"},"modified":"2017-12-22T22:27:21","modified_gmt":"2017-12-22T22:27:21","slug":"arac-otoparki","status":"publish","type":"page","link":"http:\/\/hidrobey.com\/index.php\/urunlerimiz\/arac-otoparki\/","title":{"rendered":"Ara\u00e7 Otopark\u0131"},"content":{"rendered":"<p>Ak\u0131ll\u0131 otopark sistemlerinde projelerimizi hayata gecirmekteyiz. Dar mekan ve mimari konular\u0131nda \u00e7\u00f6z\u00fcmler sunan hidrolik olarak m\u00fchendislik \u00e7\u00f6z\u00fcmleri ile yan\u0131n\u0131zday\u0131z.<\/p>\n<p>Kapal\u0131 ve a\u00e7\u0131k alanlarda kullanabilece\u011finiz otopark lifleri i\u00e7in l\u00fctfen irtibata ge\u00e7iniz.<\/p>\n<p>Otopark sistemleri projelerinizde bizim sunabilece\u011fimiz baz\u0131 \u00e7\u00f6z\u00fcmler;<\/p>\n<p>Tek pistonlu hidrolik ara\u00e7 lifti<\/p>\n<p>\u0130ki pistonlu hidrolik ara\u00e7 lifti<\/p>\n<p>ik ikatl\u0131 otopark lifti<\/p>\n<p>hidrolik makasl\u0131 otopark lifti<\/p>\n<p>Elektro mekanik Vidal\u0131 tip ara\u00e7 lifti<\/p>\n<p>Dikey \u00e7al\u0131\u015fan hidrolik ak\u0131ll\u0131 otopark lifleri<br \/>\nYatay \u00e7al\u0131\u015fan hidrolik ak\u0131ll\u0131 otopark liftleri<\/p>\n","protected":false},"excerpt":{"rendered":"<p>Ak\u0131ll\u0131 otopark sistemlerinde projelerimizi hayata gecirmekteyiz. Dar mekan ve mimari konular\u0131nda \u00e7\u00f6z\u00fcmler sunan hidrolik olarak m\u00fchendislik \u00e7\u00f6z\u00fcmleri ile yan\u0131n\u0131zday\u0131z. Kapal\u0131 ve a\u00e7\u0131k alanlarda kullanabilece\u011finiz otopark lifleri i\u00e7in l\u00fctfen irtibata ge\u00e7iniz. Otopark sistemleri projelerinizde bizim sunabilece\u011fimiz baz\u0131 \u00e7\u00f6z\u00fcmler; Tek pistonlu hidrolik&hellip;&nbsp;<a href=\"http:\/\/hidrobey.com\/index.php\/urunlerimiz\/arac-otoparki\/\" class=\"more-link\">Devam\u0131<\/a><\/p>\n","protected":false},"author":1,"featured_media":507,"parent":527,"menu_order":1,"comment_status":"closed","ping_status":"closed","template":"","meta":[],"_links":{"self":[{"href":"http:\/\/hidrobey.com\/index.php\/wp-json\/wp\/v2\/pages\/202"}],"collection":[{"href":"http:\/\/hidrobey.com\/index.php\/wp-json\/wp\/v2\/pages"}],"about":[{"href":"http:\/\/hidrobey.com\/index.php\/wp-json\/wp\/v2\/types\/page"}],"author":[{"embeddable":true,"href":"http:\/\/hidrobey.com\/index.php\/wp-json\/wp\/v2\/users\/1"}],"replies":[{"embeddable":true,"href":"http:\/\/hidrobey.com\/index.php\/wp-json\/wp\/v2\/comments?post=202"}],"version-history":[{"count":3,"href":"http:\/\/hidrobey.com\/index.php\/wp-json\/wp\/v2\/pages\/202\/revisions"}],"predecessor-version":[{"id":215,"href":"http:\/\/hidrobey.com\/index.php\/wp-json\/wp\/v2\/pages\/202\/revisions\/215"}],"up":[{"embeddable":true,"href":"http:\/\/hidrobey.com\/index.php\/wp-json\/wp\/v2\/pages\/527"}],"wp:featuredmedia":[{"embeddable":true,"href":"http:\/\/hidrobey.com\/index.php\/wp-json\/wp\/v2\/media\/507"}],"wp:attachment":[{"href":"http:\/\/hidrobey.com\/index.php\/wp-json\/wp\/v2\/media?parent=202"}],"curies":[{"name":"wp","href":"https:\/\/api.w.org\/{rel}","templated":true}]}}