{"id":205,"date":"2017-06-06T02:01:03","date_gmt":"2017-06-06T02:01:03","guid":{"rendered":"http:\/\/hidrobey.com\/?page_id=205"},"modified":"2017-06-06T02:01:03","modified_gmt":"2017-06-06T02:01:03","slug":"ozel-platform","status":"publish","type":"page","link":"http:\/\/hidrobey.com\/index.php\/ozel-platform\/","title":{"rendered":"\u00d6zel Platform"},"content":{"rendered":"<p>hidrolik tahriklenen zincirli,halatl\u0131 veya makasl\u0131 tipte \u00f6zel imalatlar\u0131m\u0131z mevcuttur.<br \/>\nKapasite 1 ton, 2 ton, 5 ton, 10 ton, 20 ton, 30 ton olmaktad\u0131r.<br \/>\nSeyir mesafesi 1 metre ,5 metre, 10 metre, 20 metre , 30 metre olabilmektedir.<\/p>\n","protected":false},"excerpt":{"rendered":"<p>hidrolik tahriklenen zincirli,halatl\u0131 veya makasl\u0131 tipte \u00f6zel imalatlar\u0131m\u0131z mevcuttur. Kapasite 1 ton, 2 ton, 5 ton, 10 ton, 20 ton, 30 ton olmaktad\u0131r. Seyir mesafesi 1 metre ,5 metre, 10 metre, 20 metre , 30 metre olabilmektedir.<\/p>\n","protected":false},"author":1,"featured_media":0,"parent":0,"menu_order":0,"comment_status":"closed","ping_status":"closed","template":"","meta":[],"_links":{"self":[{"href":"http:\/\/hidrobey.com\/index.php\/wp-json\/wp\/v2\/pages\/205"}],"collection":[{"href":"http:\/\/hidrobey.com\/index.php\/wp-json\/wp\/v2\/pages"}],"about":[{"href":"http:\/\/hidrobey.com\/index.php\/wp-json\/wp\/v2\/types\/page"}],"author":[{"embeddable":true,"href":"http:\/\/hidrobey.com\/index.php\/wp-json\/wp\/v2\/users\/1"}],"replies":[{"embeddable":true,"href":"http:\/\/hidrobey.com\/index.php\/wp-json\/wp\/v2\/comments?post=205"}],"version-history":[{"count":1,"href":"http:\/\/hidrobey.com\/index.php\/wp-json\/wp\/v2\/pages\/205\/revisions"}],"predecessor-version":[{"id":206,"href":"http:\/\/hidrobey.com\/index.php\/wp-json\/wp\/v2\/pages\/205\/revisions\/206"}],"wp:attachment":[{"href":"http:\/\/hidrobey.com\/index.php\/wp-json\/wp\/v2\/media?parent=205"}],"curies":[{"name":"wp","href":"https:\/\/api.w.org\/{rel}","templated":true}]}}