{"id":329,"date":"2017-09-17T10:06:42","date_gmt":"2017-09-17T10:06:42","guid":{"rendered":"http:\/\/hidrobey.com\/index.php\/shop\/"},"modified":"2017-09-17T10:17:34","modified_gmt":"2017-09-17T10:17:34","slug":"satis","status":"publish","type":"page","link":"http:\/\/hidrobey.com\/index.php\/satis\/","title":{"rendered":"Sat\u0131\u015f"},"content":{"rendered":"<p>Hidrobey Platform taraf\u0131ndan \u00fcr\u00fcnlere buradan ula\u015fabilirsiniz.<\/p>\n<p>Makasl\u0131 Platform fiyat\u0131<br \/>\nY\u00fck asans\u00f6r\u00fc fiyat\u0131<br \/>\nMarket asans\u00f6r\u00fc fiyat\u0131<br \/>\nEngelli lift fiyat\u0131<br \/>\nAra\u00e7 asans\u00f6r\u00fc fiyat\u0131<br \/>\nAra\u00e7 otopark\u0131 fiyat\u0131<br \/>\nHidrolik lift fiyat\u0131<\/p>\n","protected":false},"excerpt":{"rendered":"<p>Hidrobey Platform taraf\u0131ndan \u00fcr\u00fcnlere buradan ula\u015fabilirsiniz. Makasl\u0131 Platform fiyat\u0131 Y\u00fck asans\u00f6r\u00fc fiyat\u0131 Market asans\u00f6r\u00fc fiyat\u0131 Engelli lift fiyat\u0131 Ara\u00e7 asans\u00f6r\u00fc fiyat\u0131 Ara\u00e7 otopark\u0131 fiyat\u0131 Hidrolik lift fiyat\u0131<\/p>\n","protected":false},"author":1,"featured_media":25,"parent":0,"menu_order":1,"comment_status":"closed","ping_status":"closed","template":"","meta":[],"_links":{"self":[{"href":"http:\/\/hidrobey.com\/index.php\/wp-json\/wp\/v2\/pages\/329"}],"collection":[{"href":"http:\/\/hidrobey.com\/index.php\/wp-json\/wp\/v2\/pages"}],"about":[{"href":"http:\/\/hidrobey.com\/index.php\/wp-json\/wp\/v2\/types\/page"}],"author":[{"embeddable":true,"href":"http:\/\/hidrobey.com\/index.php\/wp-json\/wp\/v2\/users\/1"}],"replies":[{"embeddable":true,"href":"http:\/\/hidrobey.com\/index.php\/wp-json\/wp\/v2\/comments?post=329"}],"version-history":[{"count":2,"href":"http:\/\/hidrobey.com\/index.php\/wp-json\/wp\/v2\/pages\/329\/revisions"}],"predecessor-version":[{"id":345,"href":"http:\/\/hidrobey.com\/index.php\/wp-json\/wp\/v2\/pages\/329\/revisions\/345"}],"wp:featuredmedia":[{"embeddable":true,"href":"http:\/\/hidrobey.com\/index.php\/wp-json\/wp\/v2\/media\/25"}],"wp:attachment":[{"href":"http:\/\/hidrobey.com\/index.php\/wp-json\/wp\/v2\/media?parent=329"}],"curies":[{"name":"wp","href":"https:\/\/api.w.org\/{rel}","templated":true}]}}