{"id":503,"date":"2017-09-24T10:23:11","date_gmt":"2017-09-24T10:23:11","guid":{"rendered":"http:\/\/hidrobey.com\/?page_id=503"},"modified":"2017-12-22T18:20:33","modified_gmt":"2017-12-22T18:20:33","slug":"cam-tasima-vinci","status":"publish","type":"page","link":"http:\/\/hidrobey.com\/index.php\/cam-tasima-vinci\/","title":{"rendered":"cam tasima vinci"},"content":{"rendered":"<p>Cam tasima vinci,<\/p>\n<p>Ta\u015f\u0131ma kapasitesi : 1000 kg<\/p>\n<p>4 kw motor<\/p>\n<p>Hidrolik sistem<\/p>\n<p>Vakum pompas\u0131<\/p>\n<p>Vakum padi<\/p>\n<p>Vakum sistemi<\/p>\n<p>Hidrolik y\u00fcr\u00fcy\u00fc\u015f<\/p>\n<p>Hidrostatik fren<\/p>\n<p>Teleskopik boom sistemi<\/p>\n","protected":false},"excerpt":{"rendered":"<p>Cam tasima vinci, Ta\u015f\u0131ma kapasitesi : 1000 kg 4 kw motor Hidrolik sistem Vakum pompas\u0131 Vakum padi Vakum sistemi Hidrolik y\u00fcr\u00fcy\u00fc\u015f Hidrostatik fren Teleskopik boom sistemi<\/p>\n","protected":false},"author":1,"featured_media":516,"parent":0,"menu_order":0,"comment_status":"closed","ping_status":"closed","template":"","meta":[],"_links":{"self":[{"href":"http:\/\/hidrobey.com\/index.php\/wp-json\/wp\/v2\/pages\/503"}],"collection":[{"href":"http:\/\/hidrobey.com\/index.php\/wp-json\/wp\/v2\/pages"}],"about":[{"href":"http:\/\/hidrobey.com\/index.php\/wp-json\/wp\/v2\/types\/page"}],"author":[{"embeddable":true,"href":"http:\/\/hidrobey.com\/index.php\/wp-json\/wp\/v2\/users\/1"}],"replies":[{"embeddable":true,"href":"http:\/\/hidrobey.com\/index.php\/wp-json\/wp\/v2\/comments?post=503"}],"version-history":[{"count":3,"href":"http:\/\/hidrobey.com\/index.php\/wp-json\/wp\/v2\/pages\/503\/revisions"}],"predecessor-version":[{"id":518,"href":"http:\/\/hidrobey.com\/index.php\/wp-json\/wp\/v2\/pages\/503\/revisions\/518"}],"wp:featuredmedia":[{"embeddable":true,"href":"http:\/\/hidrobey.com\/index.php\/wp-json\/wp\/v2\/media\/516"}],"wp:attachment":[{"href":"http:\/\/hidrobey.com\/index.php\/wp-json\/wp\/v2\/media?parent=503"}],"curies":[{"name":"wp","href":"https:\/\/api.w.org\/{rel}","templated":true}]}}