{"id":54,"date":"2017-06-01T15:06:59","date_gmt":"2017-06-01T15:06:59","guid":{"rendered":"http:\/\/hidrobey.com\/?page_id=54"},"modified":"2018-01-14T18:18:00","modified_gmt":"2018-01-14T18:18:00","slug":"hidrobey-asansor","status":"publish","type":"page","link":"http:\/\/hidrobey.com\/index.php\/hidrobey-asansor\/","title":{"rendered":"Hidrobey"},"content":{"rendered":"<p>Hidrobey <strong>Y\u00fck ta\u015f\u0131ma<\/strong> ve <strong>kald\u0131rma<\/strong> m\u00fchendisli\u011fi , yaklas\u0131k \u00fc\u00e7 y\u0131ld\u0131r sekt\u00f6re girmi\u015f olup, m\u00fchendislik projeleri ile sekt\u00f6re y\u00f6n vermeye baslam\u0131st\u0131r.<br \/>\n<strong>M\u00fchendislik hesap<\/strong> ve y\u00f6ntemleri ile ciddi projelerin alt\u0131ndan kalkmay\u0131 basarm\u0131st\u0131r.<br \/>\n<strong>\u0130leri m\u00fchendislik<\/strong> y\u00f6ntemleri ile projeleriniz itina ile de\u011ferlendirilir.<br \/>\nKaliteli m\u00fchendislik sat\u0131n al\u0131nan \u00fcr\u00fcnlerde g\u00f6sterilen hassasiyet ve kaliteli \u00fcretim ile devam eder.<br \/>\n\u00dcr\u00fcn kalite kontrol birimimizce de\u011ferlendirilip, m\u00fc\u015fteriye teslim edilir.<br \/>\nKalite ,deneyim ve m\u00fchendislik hizmeti almak istiyorsan\u0131z, bekliyoruz.<\/p>\n<p>Yapt\u0131\u011f\u0131m\u0131z \u00fcr\u00fcnler,<\/p>\n<p><a href=\"http:\/\/hidrobey.com\/index.php\/urunlerimiz\/makasli-platform\/\">Makasl\u0131 platform<\/a><\/p>\n<p><a href=\"http:\/\/hidrobey.com\/index.php\/urunlerimiz\/arac-asansoru\/\">Ara\u00e7 asans\u00f6r\u00fc<\/a><\/p>\n<p><a href=\"http:\/\/hidrobey.com\/index.php\/urunlerimiz\/yuklifti\/\">Y\u00fck lifti<\/a><\/p>\n<p><a href=\"http:\/\/hidrobey.com\/index.php\/urunlerimiz\/arac-otoparki\/\">Ara\u00e7 otopark\u0131<\/a><\/p>\n<p>\u00d6zel End\u00fcstri \u00e7\u00f6z\u00fcmleri<\/p>\n<p>Tacettin \u00dcnl\u00fc<br \/>\ninfo@hidrobey.com<br \/>\n0530 600 66 45<\/p>\n<p><a href=\"http:\/\/hidrobey.com\/wp-content\/uploads\/2017\/09\/scsanaliz.jpg\"><img decoding=\"async\" loading=\"lazy\" class=\"alignnone size-large wp-image-403\" src=\"http:\/\/hidrobey.com\/wp-content\/uploads\/2017\/09\/scsanaliz-1024x191.jpg\" alt=\"\" width=\"750\" height=\"140\" \/><\/a><\/p>\n<p>&nbsp;<\/p>\n","protected":false},"excerpt":{"rendered":"<p>Hidrobey Y\u00fck ta\u015f\u0131ma ve kald\u0131rma m\u00fchendisli\u011fi , yaklas\u0131k \u00fc\u00e7 y\u0131ld\u0131r sekt\u00f6re girmi\u015f olup, m\u00fchendislik projeleri ile sekt\u00f6re y\u00f6n vermeye baslam\u0131st\u0131r. M\u00fchendislik hesap ve y\u00f6ntemleri ile ciddi projelerin alt\u0131ndan kalkmay\u0131 basarm\u0131st\u0131r. \u0130leri m\u00fchendislik y\u00f6ntemleri ile projeleriniz itina ile de\u011ferlendirilir. Kaliteli m\u00fchendislik&hellip;&nbsp;<a href=\"http:\/\/hidrobey.com\/index.php\/hidrobey-asansor\/\" class=\"more-link\">Devam\u0131<\/a><\/p>\n","protected":false},"author":1,"featured_media":360,"parent":0,"menu_order":0,"comment_status":"closed","ping_status":"closed","template":"","meta":[],"_links":{"self":[{"href":"http:\/\/hidrobey.com\/index.php\/wp-json\/wp\/v2\/pages\/54"}],"collection":[{"href":"http:\/\/hidrobey.com\/index.php\/wp-json\/wp\/v2\/pages"}],"about":[{"href":"http:\/\/hidrobey.com\/index.php\/wp-json\/wp\/v2\/types\/page"}],"author":[{"embeddable":true,"href":"http:\/\/hidrobey.com\/index.php\/wp-json\/wp\/v2\/users\/1"}],"replies":[{"embeddable":true,"href":"http:\/\/hidrobey.com\/index.php\/wp-json\/wp\/v2\/comments?post=54"}],"version-history":[{"count":10,"href":"http:\/\/hidrobey.com\/index.php\/wp-json\/wp\/v2\/pages\/54\/revisions"}],"predecessor-version":[{"id":697,"href":"http:\/\/hidrobey.com\/index.php\/wp-json\/wp\/v2\/pages\/54\/revisions\/697"}],"wp:featuredmedia":[{"embeddable":true,"href":"http:\/\/hidrobey.com\/index.php\/wp-json\/wp\/v2\/media\/360"}],"wp:attachment":[{"href":"http:\/\/hidrobey.com\/index.php\/wp-json\/wp\/v2\/media?parent=54"}],"curies":[{"name":"wp","href":"https:\/\/api.w.org\/{rel}","templated":true}]}}