{"id":552,"date":"2017-12-22T19:58:06","date_gmt":"2017-12-22T19:58:06","guid":{"rendered":"http:\/\/hidrobey.com\/?page_id=552"},"modified":"2017-12-27T21:13:03","modified_gmt":"2017-12-27T21:13:03","slug":"iki-katli-arac-lifti","status":"publish","type":"page","link":"http:\/\/hidrobey.com\/index.php\/urunlerimiz\/arac-otoparki\/iki-katli-arac-lifti\/","title":{"rendered":"\u0130ki katl\u0131 arac lifti"},"content":{"rendered":"<p>Otopark veya park sorunu olan dar alanlar i\u00e7in ideal \u00e7\u00f6z\u00fcmlerdir.<\/p>\n<p>Tekli lift,<\/p>\n<p>4 ara\u00e7l\u0131k lift<\/p>\n<p>8 ara\u00e7l\u0131k lift<\/p>\n<p>12 ara\u00e7l\u0131k lift<\/p>\n<p>Otomatik park etme ve ak\u0131ll\u0131 otomasyon ile alt ve \u00fcst s\u0131n\u0131r yoktur.<\/p>\n<p><iframe loading=\"lazy\" width=\"560\" height=\"315\" src=\"https:\/\/www.youtube.com\/embed\/nBHalHehDqk?rel=0&amp;controls=0\" frameborder=\"0\" gesture=\"media\" allow=\"encrypted-media\" allowfullscreen><\/iframe><\/p>\n","protected":false},"excerpt":{"rendered":"<p>Otopark veya park sorunu olan dar alanlar i\u00e7in ideal \u00e7\u00f6z\u00fcmlerdir. Tekli lift, 4 ara\u00e7l\u0131k lift 8 ara\u00e7l\u0131k lift 12 ara\u00e7l\u0131k lift Otomatik park etme ve ak\u0131ll\u0131 otomasyon ile alt ve \u00fcst s\u0131n\u0131r yoktur.<\/p>\n","protected":false},"author":1,"featured_media":553,"parent":202,"menu_order":1,"comment_status":"closed","ping_status":"closed","template":"","meta":[],"_links":{"self":[{"href":"http:\/\/hidrobey.com\/index.php\/wp-json\/wp\/v2\/pages\/552"}],"collection":[{"href":"http:\/\/hidrobey.com\/index.php\/wp-json\/wp\/v2\/pages"}],"about":[{"href":"http:\/\/hidrobey.com\/index.php\/wp-json\/wp\/v2\/types\/page"}],"author":[{"embeddable":true,"href":"http:\/\/hidrobey.com\/index.php\/wp-json\/wp\/v2\/users\/1"}],"replies":[{"embeddable":true,"href":"http:\/\/hidrobey.com\/index.php\/wp-json\/wp\/v2\/comments?post=552"}],"version-history":[{"count":2,"href":"http:\/\/hidrobey.com\/index.php\/wp-json\/wp\/v2\/pages\/552\/revisions"}],"predecessor-version":[{"id":623,"href":"http:\/\/hidrobey.com\/index.php\/wp-json\/wp\/v2\/pages\/552\/revisions\/623"}],"up":[{"embeddable":true,"href":"http:\/\/hidrobey.com\/index.php\/wp-json\/wp\/v2\/pages\/202"}],"wp:featuredmedia":[{"embeddable":true,"href":"http:\/\/hidrobey.com\/index.php\/wp-json\/wp\/v2\/media\/553"}],"wp:attachment":[{"href":"http:\/\/hidrobey.com\/index.php\/wp-json\/wp\/v2\/media?parent=552"}],"curies":[{"name":"wp","href":"https:\/\/api.w.org\/{rel}","templated":true}]}}