{"id":610,"date":"2017-12-27T08:30:49","date_gmt":"2017-12-27T08:30:49","guid":{"rendered":"http:\/\/hidrobey.com\/?page_id=610"},"modified":"2018-01-14T18:29:57","modified_gmt":"2018-01-14T18:29:57","slug":"doner-tablali-platform","status":"publish","type":"page","link":"http:\/\/hidrobey.com\/index.php\/urunlerimiz\/doner-tablali-platform\/","title":{"rendered":"D\u00f6ner tablal\u0131 platform"},"content":{"rendered":"<p>D\u00f6ner tablal\u0131 platform<\/p>\n<p>D\u00f6ner tablal\u0131 platform, dar alanlarda araclar\u0131n manevra yapabilmesi i\u00e7in ve otoparka rahat giri\u015f yapabilmesi i\u00e7in tasarlanan sistemlerdir.<\/p>\n<p>90 dereceli, 180 dereceli otopark i\u00e7in yap\u0131labildi\u011fi gibi, 360 derece d\u00f6nebilen galeriler i\u00e7in de uygulanabilmektedir.<\/p>\n<p>Kapasite 5000 kg dan ba\u015flar 25000 kg a kadar yap\u0131labilir.<\/p>\n<p>Hidrolik d\u00f6n\u00fc\u015f olabilecegi gibi, elektiriklide olabilir.<\/p>\n<p>Zemin paslanmaz veya aluminyum ceta da olabilir.<\/p>\n<p>Otomasyonu ve t\u00fcm imalat yerli olup, m\u00fchendislik \u00e7\u00f6z\u00fcmleri ile yan\u0131n\u0131zday\u0131z.<\/p>\n<p><a href=\"http:\/\/hidrobey.com\/index.php\/urunlerimiz\/doner-tablali-platform\/\">araba d\u00f6nd\u00fcrme platformu<\/a><\/p>\n<p>info@hidrobey.com<\/p>\n<p>05306006645<br \/>\n<iframe loading=\"lazy\" src=\"https:\/\/www.youtube.com\/embed\/xbuG7upnD9E?rel=0&amp;controls=0\" width=\"560\" height=\"315\" frameborder=\"0\" allowfullscreen=\"allowfullscreen\"><\/iframe><\/p>\n<p><a href=\"http:\/\/hidrobey.com\/wp-content\/uploads\/2017\/12\/rotate1.jpg\"><img decoding=\"async\" loading=\"lazy\" class=\"alignnone wp-image-611\" src=\"http:\/\/hidrobey.com\/wp-content\/uploads\/2017\/12\/rotate1.jpg\" alt=\"\" width=\"271\" height=\"150\" srcset=\"http:\/\/hidrobey.com\/wp-content\/uploads\/2017\/12\/rotate1.jpg 685w, http:\/\/hidrobey.com\/wp-content\/uploads\/2017\/12\/rotate1-300x166.jpg 300w, http:\/\/hidrobey.com\/wp-content\/uploads\/2017\/12\/rotate1-360x200.jpg 360w\" sizes=\"(max-width: 271px) 100vw, 271px\" \/><\/a> <a href=\"http:\/\/hidrobey.com\/wp-content\/uploads\/2017\/12\/rotate2.jpg\"><img decoding=\"async\" loading=\"lazy\" class=\"alignnone wp-image-612\" src=\"http:\/\/hidrobey.com\/wp-content\/uploads\/2017\/12\/rotate2.jpg\" alt=\"\" width=\"333\" height=\"152\" srcset=\"http:\/\/hidrobey.com\/wp-content\/uploads\/2017\/12\/rotate2.jpg 797w, http:\/\/hidrobey.com\/wp-content\/uploads\/2017\/12\/rotate2-300x137.jpg 300w, http:\/\/hidrobey.com\/wp-content\/uploads\/2017\/12\/rotate2-768x351.jpg 768w, http:\/\/hidrobey.com\/wp-content\/uploads\/2017\/12\/rotate2-360x164.jpg 360w\" sizes=\"(max-width: 333px) 100vw, 333px\" \/><\/a><\/p>\n","protected":false},"excerpt":{"rendered":"<p>D\u00f6ner tablal\u0131 platform D\u00f6ner tablal\u0131 platform, dar alanlarda araclar\u0131n manevra yapabilmesi i\u00e7in ve otoparka rahat giri\u015f yapabilmesi i\u00e7in tasarlanan sistemlerdir. 90 dereceli, 180 dereceli otopark i\u00e7in yap\u0131labildi\u011fi gibi, 360 derece d\u00f6nebilen galeriler i\u00e7in de uygulanabilmektedir. Kapasite 5000 kg dan ba\u015flar&hellip;&nbsp;<a href=\"http:\/\/hidrobey.com\/index.php\/urunlerimiz\/doner-tablali-platform\/\" class=\"more-link\">Devam\u0131<\/a><\/p>\n","protected":false},"author":1,"featured_media":694,"parent":527,"menu_order":6,"comment_status":"closed","ping_status":"closed","template":"","meta":[],"_links":{"self":[{"href":"http:\/\/hidrobey.com\/index.php\/wp-json\/wp\/v2\/pages\/610"}],"collection":[{"href":"http:\/\/hidrobey.com\/index.php\/wp-json\/wp\/v2\/pages"}],"about":[{"href":"http:\/\/hidrobey.com\/index.php\/wp-json\/wp\/v2\/types\/page"}],"author":[{"embeddable":true,"href":"http:\/\/hidrobey.com\/index.php\/wp-json\/wp\/v2\/users\/1"}],"replies":[{"embeddable":true,"href":"http:\/\/hidrobey.com\/index.php\/wp-json\/wp\/v2\/comments?post=610"}],"version-history":[{"count":5,"href":"http:\/\/hidrobey.com\/index.php\/wp-json\/wp\/v2\/pages\/610\/revisions"}],"predecessor-version":[{"id":698,"href":"http:\/\/hidrobey.com\/index.php\/wp-json\/wp\/v2\/pages\/610\/revisions\/698"}],"up":[{"embeddable":true,"href":"http:\/\/hidrobey.com\/index.php\/wp-json\/wp\/v2\/pages\/527"}],"wp:featuredmedia":[{"embeddable":true,"href":"http:\/\/hidrobey.com\/index.php\/wp-json\/wp\/v2\/media\/694"}],"wp:attachment":[{"href":"http:\/\/hidrobey.com\/index.php\/wp-json\/wp\/v2\/media?parent=610"}],"curies":[{"name":"wp","href":"https:\/\/api.w.org\/{rel}","templated":true}]}}