{"id":662,"date":"2018-01-08T23:40:01","date_gmt":"2018-01-08T23:40:01","guid":{"rendered":"http:\/\/hidrobey.com\/?page_id=662"},"modified":"2018-01-08T23:40:01","modified_gmt":"2018-01-08T23:40:01","slug":"cekilebilir-makasli-platform","status":"publish","type":"page","link":"http:\/\/hidrobey.com\/index.php\/urunlerimiz\/makasli-platform\/cekilebilir-makasli-platform\/","title":{"rendered":"\u00c7ekilebilir Makasl\u0131 Platform"},"content":{"rendered":"<p>\u00c7ekilebilir makasl\u0131 platform,<\/p>\n<p>lastik tekerli veya paletli olabilir.<\/p>\n<p>Kendinden ak\u00fcl\u00fc veya elektirikli olabilir.<\/p>\n<p>Teleskopik 16 m ak\u00fcl\u00fc aluminyum olabilir.<\/p>\n<p>&nbsp;<\/p>\n","protected":false},"excerpt":{"rendered":"<p>\u00c7ekilebilir makasl\u0131 platform, lastik tekerli veya paletli olabilir. Kendinden ak\u00fcl\u00fc veya elektirikli olabilir. Teleskopik 16 m ak\u00fcl\u00fc aluminyum olabilir. &nbsp;<\/p>\n","protected":false},"author":1,"featured_media":0,"parent":537,"menu_order":1,"comment_status":"closed","ping_status":"closed","template":"","meta":[],"_links":{"self":[{"href":"http:\/\/hidrobey.com\/index.php\/wp-json\/wp\/v2\/pages\/662"}],"collection":[{"href":"http:\/\/hidrobey.com\/index.php\/wp-json\/wp\/v2\/pages"}],"about":[{"href":"http:\/\/hidrobey.com\/index.php\/wp-json\/wp\/v2\/types\/page"}],"author":[{"embeddable":true,"href":"http:\/\/hidrobey.com\/index.php\/wp-json\/wp\/v2\/users\/1"}],"replies":[{"embeddable":true,"href":"http:\/\/hidrobey.com\/index.php\/wp-json\/wp\/v2\/comments?post=662"}],"version-history":[{"count":1,"href":"http:\/\/hidrobey.com\/index.php\/wp-json\/wp\/v2\/pages\/662\/revisions"}],"predecessor-version":[{"id":663,"href":"http:\/\/hidrobey.com\/index.php\/wp-json\/wp\/v2\/pages\/662\/revisions\/663"}],"up":[{"embeddable":true,"href":"http:\/\/hidrobey.com\/index.php\/wp-json\/wp\/v2\/pages\/537"}],"wp:attachment":[{"href":"http:\/\/hidrobey.com\/index.php\/wp-json\/wp\/v2\/media?parent=662"}],"curies":[{"name":"wp","href":"https:\/\/api.w.org\/{rel}","templated":true}]}}